{"id":125,"date":"2020-07-28T20:06:40","date_gmt":"2020-07-28T23:06:40","guid":{"rendered":"https:\/\/sindatranrs.org.br\/site\/?page_id=125"},"modified":"2020-08-06T22:04:29","modified_gmt":"2020-08-07T01:04:29","slug":"diretoria","status":"publish","type":"page","link":"https:\/\/sindatranrs.org.br\/site\/diretoria\/","title":{"rendered":"Diretoria"},"content":{"rendered":"\t\t<div data-elementor-type=\"wp-page\" data-elementor-id=\"125\" class=\"elementor elementor-125\">\n\t\t\t\t\t\t<div class=\"elementor-inner\">\n\t\t\t\t<div class=\"elementor-section-wrap\">\n\t\t\t\t\t\t\t\t\t<section class=\"elementor-section elementor-top-section elementor-element elementor-element-66df8d5d elementor-section-boxed elementor-section-height-default elementor-section-height-default\" data-id=\"66df8d5d\" data-element_type=\"section\">\n\t\t\t\t\t\t<div class=\"elementor-container elementor-column-gap-default\">\n\t\t\t\t\t\t\t<div class=\"elementor-row\">\n\t\t\t\t\t<div class=\"elementor-column elementor-col-100 elementor-top-column elementor-element elementor-element-1aae4419\" data-id=\"1aae4419\" data-element_type=\"column\">\n\t\t\t<div class=\"elementor-column-wrap elementor-element-populated\">\n\t\t\t\t\t\t\t<div class=\"elementor-widget-wrap\">\n\t\t\t\t\t\t<div class=\"elementor-element elementor-element-bc06510 elementor-widget elementor-widget-spacer\" data-id=\"bc06510\" data-element_type=\"widget\" data-widget_type=\"spacer.default\">\n\t\t\t\t<div class=\"elementor-widget-container\">\n\t\t\t\t\t<div class=\"elementor-spacer\">\n\t\t\t<div class=\"elementor-spacer-inner\"><\/div>\n\t\t<\/div>\n\t\t\t\t<\/div>\n\t\t\t\t<\/div>\n\t\t\t\t<div class=\"elementor-element elementor-element-539d447 elementor-widget elementor-widget-theme-post-title elementor-page-title elementor-widget-heading\" data-id=\"539d447\" data-element_type=\"widget\" data-widget_type=\"theme-post-title.default\">\n\t\t\t\t<div class=\"elementor-widget-container\">\n\t\t\t<h1 class=\"elementor-heading-title elementor-size-default\">Diretoria<\/h1>\t\t<\/div>\n\t\t\t\t<\/div>\n\t\t\t\t<div class=\"elementor-element elementor-element-1f3e705d elementor-widget elementor-widget-text-editor\" data-id=\"1f3e705d\" data-element_type=\"widget\" data-widget_type=\"text-editor.default\">\n\t\t\t\t<div class=\"elementor-widget-container\">\n\t\t\t\t\t\t\t\t<div class=\"elementor-text-editor elementor-clearfix\">\n\t\t\t\t<p><!-- wp:paragraph --><\/p>\n<p>Confira abaixo os nomes, cargos e fun\u00e7\u00f5es dos diretores que comp\u00f5e a<strong>gest\u00e3o\u00a0do SINDATRAN-RS at\u00e9 2021.<\/strong><\/p>\n<p><!-- \/wp:paragraph --><\/p>\t\t\t\t\t<\/div>\n\t\t\t\t\t\t<\/div>\n\t\t\t\t<\/div>\n\t\t\t\t\t\t<\/div>\n\t\t\t\t\t<\/div>\n\t\t<\/div>\n\t\t\t\t\t\t\t\t<\/div>\n\t\t\t\t\t<\/div>\n\t\t<\/section>\n\t\t\t\t<section class=\"elementor-section elementor-top-section elementor-element elementor-element-f7bf069 elementor-section-boxed elementor-section-height-default elementor-section-height-default\" data-id=\"f7bf069\" data-element_type=\"section\">\n\t\t\t\t\t\t<div class=\"elementor-container elementor-column-gap-default\">\n\t\t\t\t\t\t\t<div class=\"elementor-row\">\n\t\t\t\t\t<div class=\"elementor-column elementor-col-33 elementor-top-column elementor-element elementor-element-09b950f\" data-id=\"09b950f\" data-element_type=\"column\">\n\t\t\t<div class=\"elementor-column-wrap elementor-element-populated\">\n\t\t\t\t\t\t\t<div class=\"elementor-widget-wrap\">\n\t\t\t\t\t\t<div class=\"elementor-element elementor-element-3e98d8d elementor-position-top elementor-vertical-align-top elementor-widget elementor-widget-image-box\" data-id=\"3e98d8d\" data-element_type=\"widget\" data-widget_type=\"image-box.default\">\n\t\t\t\t<div class=\"elementor-widget-container\">\n\t\t\t<div class=\"elementor-image-box-wrapper\"><figure class=\"elementor-image-box-img\"><img decoding=\"async\" width=\"275\" height=\"394\" src=\"https:\/\/sindatranrs.org.br\/site\/wp-content\/uploads\/2020\/07\/leandro.jpg\" class=\"attachment-full size-full wp-image-131\" alt=\"\" loading=\"lazy\" srcset=\"https:\/\/sindatranrs.org.br\/site\/wp-content\/uploads\/2020\/07\/leandro.jpg 275w, https:\/\/sindatranrs.org.br\/site\/wp-content\/uploads\/2020\/07\/leandro-209x300.jpg 209w\" sizes=\"(max-width: 275px) 100vw, 275px\" \/><\/figure><div class=\"elementor-image-box-content\"><h3 class=\"elementor-image-box-title\">Leandro Rodrigues Machado <\/h3><p class=\"elementor-image-box-description\">Diretor Presidente<\/p><\/div><\/div>\t\t<\/div>\n\t\t\t\t<\/div>\n\t\t\t\t\t\t<\/div>\n\t\t\t\t\t<\/div>\n\t\t<\/div>\n\t\t\t\t<div class=\"elementor-column elementor-col-33 elementor-top-column elementor-element elementor-element-4ab1f36\" data-id=\"4ab1f36\" data-element_type=\"column\">\n\t\t\t<div class=\"elementor-column-wrap elementor-element-populated\">\n\t\t\t\t\t\t\t<div class=\"elementor-widget-wrap\">\n\t\t\t\t\t\t<div class=\"elementor-element elementor-element-2c9d077 elementor-position-top elementor-vertical-align-top elementor-widget elementor-widget-image-box\" data-id=\"2c9d077\" data-element_type=\"widget\" data-widget_type=\"image-box.default\">\n\t\t\t\t<div class=\"elementor-widget-container\">\n\t\t\t<div class=\"elementor-image-box-wrapper\"><figure class=\"elementor-image-box-img\"><img decoding=\"async\" width=\"275\" height=\"394\" src=\"https:\/\/sindatranrs.org.br\/site\/wp-content\/uploads\/2020\/07\/claudio.jpg\" class=\"attachment-full size-full wp-image-132\" alt=\"\" loading=\"lazy\" srcset=\"https:\/\/sindatranrs.org.br\/site\/wp-content\/uploads\/2020\/07\/claudio.jpg 275w, https:\/\/sindatranrs.org.br\/site\/wp-content\/uploads\/2020\/07\/claudio-209x300.jpg 209w\" sizes=\"(max-width: 275px) 100vw, 275px\" \/><\/figure><div class=\"elementor-image-box-content\"><h3 class=\"elementor-image-box-title\">Cl\u00e1udio Vieira de Moura<\/h3><p class=\"elementor-image-box-description\">Diretor secret\u00e1rio-geral<\/p><\/div><\/div>\t\t<\/div>\n\t\t\t\t<\/div>\n\t\t\t\t\t\t<\/div>\n\t\t\t\t\t<\/div>\n\t\t<\/div>\n\t\t\t\t<div class=\"elementor-column elementor-col-33 elementor-top-column elementor-element elementor-element-1d885eb\" data-id=\"1d885eb\" data-element_type=\"column\">\n\t\t\t<div class=\"elementor-column-wrap elementor-element-populated\">\n\t\t\t\t\t\t\t<div class=\"elementor-widget-wrap\">\n\t\t\t\t\t\t<div class=\"elementor-element elementor-element-4a885bf elementor-position-top elementor-vertical-align-top elementor-widget elementor-widget-image-box\" data-id=\"4a885bf\" data-element_type=\"widget\" data-widget_type=\"image-box.default\">\n\t\t\t\t<div class=\"elementor-widget-container\">\n\t\t\t<div class=\"elementor-image-box-wrapper\"><figure class=\"elementor-image-box-img\"><img decoding=\"async\" width=\"275\" height=\"394\" src=\"https:\/\/sindatranrs.org.br\/site\/wp-content\/uploads\/2020\/07\/paulo.jpg\" class=\"attachment-full size-full wp-image-133\" alt=\"\" loading=\"lazy\" srcset=\"https:\/\/sindatranrs.org.br\/site\/wp-content\/uploads\/2020\/07\/paulo.jpg 275w, https:\/\/sindatranrs.org.br\/site\/wp-content\/uploads\/2020\/07\/paulo-209x300.jpg 209w\" sizes=\"(max-width: 275px) 100vw, 275px\" \/><\/figure><div class=\"elementor-image-box-content\"><h3 class=\"elementor-image-box-title\">Paulo S\u00e9rgio de Lara Marques<\/h3><p class=\"elementor-image-box-description\">Diretor Administrativo Financeiro<\/p><\/div><\/div>\t\t<\/div>\n\t\t\t\t<\/div>\n\t\t\t\t\t\t<\/div>\n\t\t\t\t\t<\/div>\n\t\t<\/div>\n\t\t\t\t\t\t\t\t<\/div>\n\t\t\t\t\t<\/div>\n\t\t<\/section>\n\t\t\t\t<section class=\"elementor-section elementor-top-section elementor-element elementor-element-89aa993 elementor-section-boxed elementor-section-height-default elementor-section-height-default\" data-id=\"89aa993\" data-element_type=\"section\">\n\t\t\t\t\t\t<div class=\"elementor-container elementor-column-gap-default\">\n\t\t\t\t\t\t\t<div class=\"elementor-row\">\n\t\t\t\t\t<div class=\"elementor-column elementor-col-33 elementor-top-column elementor-element elementor-element-ec76fa5\" data-id=\"ec76fa5\" data-element_type=\"column\">\n\t\t\t<div class=\"elementor-column-wrap elementor-element-populated\">\n\t\t\t\t\t\t\t<div class=\"elementor-widget-wrap\">\n\t\t\t\t\t\t<div class=\"elementor-element elementor-element-8995edd elementor-position-top elementor-vertical-align-top elementor-widget elementor-widget-image-box\" data-id=\"8995edd\" data-element_type=\"widget\" data-widget_type=\"image-box.default\">\n\t\t\t\t<div class=\"elementor-widget-container\">\n\t\t\t<div class=\"elementor-image-box-wrapper\"><figure class=\"elementor-image-box-img\"><img decoding=\"async\" width=\"275\" height=\"394\" src=\"https:\/\/sindatranrs.org.br\/site\/wp-content\/uploads\/2020\/07\/fabio.jpg\" class=\"attachment-full size-full wp-image-134\" alt=\"\" loading=\"lazy\" srcset=\"https:\/\/sindatranrs.org.br\/site\/wp-content\/uploads\/2020\/07\/fabio.jpg 275w, https:\/\/sindatranrs.org.br\/site\/wp-content\/uploads\/2020\/07\/fabio-209x300.jpg 209w\" sizes=\"(max-width: 275px) 100vw, 275px\" \/><\/figure><div class=\"elementor-image-box-content\"><h3 class=\"elementor-image-box-title\">F\u00e1bio Ricardo Cavalheiro da Silva<\/h3><p class=\"elementor-image-box-description\">Diretor de Imprensa e Comunica\u00e7\u00e3o<\/p><\/div><\/div>\t\t<\/div>\n\t\t\t\t<\/div>\n\t\t\t\t\t\t<\/div>\n\t\t\t\t\t<\/div>\n\t\t<\/div>\n\t\t\t\t<div class=\"elementor-column elementor-col-33 elementor-top-column elementor-element elementor-element-920995e\" data-id=\"920995e\" data-element_type=\"column\">\n\t\t\t<div class=\"elementor-column-wrap elementor-element-populated\">\n\t\t\t\t\t\t\t<div class=\"elementor-widget-wrap\">\n\t\t\t\t\t\t<div class=\"elementor-element elementor-element-7f45bcc elementor-position-top elementor-vertical-align-top elementor-widget elementor-widget-image-box\" data-id=\"7f45bcc\" data-element_type=\"widget\" data-widget_type=\"image-box.default\">\n\t\t\t\t<div class=\"elementor-widget-container\">\n\t\t\t<div class=\"elementor-image-box-wrapper\"><figure class=\"elementor-image-box-img\"><img decoding=\"async\" width=\"275\" height=\"394\" src=\"https:\/\/sindatranrs.org.br\/site\/wp-content\/uploads\/2020\/07\/jose.jpg\" class=\"attachment-full size-full wp-image-135\" alt=\"\" loading=\"lazy\" srcset=\"https:\/\/sindatranrs.org.br\/site\/wp-content\/uploads\/2020\/07\/jose.jpg 275w, https:\/\/sindatranrs.org.br\/site\/wp-content\/uploads\/2020\/07\/jose-209x300.jpg 209w\" sizes=\"(max-width: 275px) 100vw, 275px\" \/><\/figure><div class=\"elementor-image-box-content\"><h3 class=\"elementor-image-box-title\">Jos\u00e9 dos Santos Blal<\/h3><p class=\"elementor-image-box-description\">Diretor de Esporte, Lazer e Rela\u00e7\u00f5es Sociais<\/p><\/div><\/div>\t\t<\/div>\n\t\t\t\t<\/div>\n\t\t\t\t\t\t<\/div>\n\t\t\t\t\t<\/div>\n\t\t<\/div>\n\t\t\t\t<div class=\"elementor-column elementor-col-33 elementor-top-column elementor-element elementor-element-cd02b64\" data-id=\"cd02b64\" data-element_type=\"column\">\n\t\t\t<div class=\"elementor-column-wrap elementor-element-populated\">\n\t\t\t\t\t\t\t<div class=\"elementor-widget-wrap\">\n\t\t\t\t\t\t<div class=\"elementor-element elementor-element-47ed43e elementor-position-top elementor-vertical-align-top elementor-widget elementor-widget-image-box\" data-id=\"47ed43e\" data-element_type=\"widget\" data-widget_type=\"image-box.default\">\n\t\t\t\t<div class=\"elementor-widget-container\">\n\t\t\t<div class=\"elementor-image-box-wrapper\"><figure class=\"elementor-image-box-img\"><img decoding=\"async\" width=\"275\" height=\"394\" src=\"https:\/\/sindatranrs.org.br\/site\/wp-content\/uploads\/2020\/07\/monair.jpg\" class=\"attachment-full size-full wp-image-136\" alt=\"\" loading=\"lazy\" srcset=\"https:\/\/sindatranrs.org.br\/site\/wp-content\/uploads\/2020\/07\/monair.jpg 275w, https:\/\/sindatranrs.org.br\/site\/wp-content\/uploads\/2020\/07\/monair-209x300.jpg 209w\" sizes=\"(max-width: 275px) 100vw, 275px\" \/><\/figure><div class=\"elementor-image-box-content\"><h3 class=\"elementor-image-box-title\">Henrique Monair<\/h3><p class=\"elementor-image-box-description\">Diretor jur\u00eddico<\/p><\/div><\/div>\t\t<\/div>\n\t\t\t\t<\/div>\n\t\t\t\t\t\t<\/div>\n\t\t\t\t\t<\/div>\n\t\t<\/div>\n\t\t\t\t\t\t\t\t<\/div>\n\t\t\t\t\t<\/div>\n\t\t<\/section>\n\t\t\t\t\t\t\t\t\t<\/div>\n\t\t\t<\/div>\n\t\t\t\t\t<\/div>\n\t\t","protected":false},"excerpt":{"rendered":"<p>Confira abaixo os nomes, cargos e fun\u00e7\u00f5es dos diretores que comp\u00f5e agest\u00e3o\u00a0do SINDATRAN-RS at\u00e9 2021. Leandro Rodrigues Machado Diretor Presidente Cl\u00e1udio Vieira de Moura Diretor secret\u00e1rio-geral Paulo S\u00e9rgio de Lara Marques Diretor Administrativo Financeiro F\u00e1bio Ricardo Cavalheiro da Silva Diretor de Imprensa e Comunica\u00e7\u00e3o Jos\u00e9 dos Santos Blal Diretor de Esporte, Lazer e Rela\u00e7\u00f5es Sociais [&hellip;]<\/p>\n","protected":false},"author":1,"featured_media":0,"parent":0,"menu_order":0,"comment_status":"closed","ping_status":"closed","template":"fullwidth.php","meta":{"ngg_post_thumbnail":0,"_joinchat":[]},"_links":{"self":[{"href":"https:\/\/sindatranrs.org.br\/site\/wp-json\/wp\/v2\/pages\/125"}],"collection":[{"href":"https:\/\/sindatranrs.org.br\/site\/wp-json\/wp\/v2\/pages"}],"about":[{"href":"https:\/\/sindatranrs.org.br\/site\/wp-json\/wp\/v2\/types\/page"}],"author":[{"embeddable":true,"href":"https:\/\/sindatranrs.org.br\/site\/wp-json\/wp\/v2\/users\/1"}],"replies":[{"embeddable":true,"href":"https:\/\/sindatranrs.org.br\/site\/wp-json\/wp\/v2\/comments?post=125"}],"version-history":[{"count":5,"href":"https:\/\/sindatranrs.org.br\/site\/wp-json\/wp\/v2\/pages\/125\/revisions"}],"predecessor-version":[{"id":178,"href":"https:\/\/sindatranrs.org.br\/site\/wp-json\/wp\/v2\/pages\/125\/revisions\/178"}],"wp:attachment":[{"href":"https:\/\/sindatranrs.org.br\/site\/wp-json\/wp\/v2\/media?parent=125"}],"curies":[{"name":"wp","href":"https:\/\/api.w.org\/{rel}","templated":true}]}}