{"id":138,"date":"2020-07-28T21:17:42","date_gmt":"2020-07-29T00:17:42","guid":{"rendered":"https:\/\/sindatranrs.org.br\/site\/?page_id=138"},"modified":"2020-08-06T21:59:11","modified_gmt":"2020-08-07T00:59:11","slug":"quem-somos","status":"publish","type":"page","link":"https:\/\/sindatranrs.org.br\/site\/quem-somos\/","title":{"rendered":"Quem Somos"},"content":{"rendered":"\t\t<div data-elementor-type=\"wp-page\" data-elementor-id=\"138\" class=\"elementor elementor-138\">\n\t\t\t\t\t\t<div class=\"elementor-inner\">\n\t\t\t\t<div class=\"elementor-section-wrap\">\n\t\t\t\t\t\t\t\t\t<section class=\"elementor-section elementor-top-section elementor-element elementor-element-66df8d5d elementor-section-boxed elementor-section-height-default elementor-section-height-default\" data-id=\"66df8d5d\" data-element_type=\"section\">\n\t\t\t\t\t\t<div class=\"elementor-container elementor-column-gap-default\">\n\t\t\t\t\t\t\t<div class=\"elementor-row\">\n\t\t\t\t\t<div class=\"elementor-column elementor-col-100 elementor-top-column elementor-element elementor-element-1aae4419\" data-id=\"1aae4419\" data-element_type=\"column\">\n\t\t\t<div class=\"elementor-column-wrap elementor-element-populated\">\n\t\t\t\t\t\t\t<div class=\"elementor-widget-wrap\">\n\t\t\t\t\t\t<div class=\"elementor-element elementor-element-b6b8c06 elementor-widget elementor-widget-theme-post-title elementor-page-title elementor-widget-heading\" data-id=\"b6b8c06\" data-element_type=\"widget\" data-widget_type=\"theme-post-title.default\">\n\t\t\t\t<div class=\"elementor-widget-container\">\n\t\t\t<h1 class=\"elementor-heading-title elementor-size-default\">Quem Somos<\/h1>\t\t<\/div>\n\t\t\t\t<\/div>\n\t\t\t\t<div class=\"elementor-element elementor-element-1f3e705d elementor-widget elementor-widget-text-editor\" data-id=\"1f3e705d\" data-element_type=\"widget\" data-widget_type=\"text-editor.default\">\n\t\t\t\t<div class=\"elementor-widget-container\">\n\t\t\t\t\t\t\t\t<div class=\"elementor-text-editor elementor-clearfix\">\n\t\t\t\t<p>O Sindicato Estadual dos Agentes de Fiscaliza\u00e7\u00e3o de Tr\u00e2nsito e Transporte do Estado do Rio Grande do Sul \u2013 SINDATRAN-RS representa os agentes de fiscaliza\u00e7\u00e3o de tr\u00e2nsito de 496 cidades ga\u00fachas, excluindo apenas Porto Alegre, que possui um sindicato pr\u00f3prio com representa\u00e7\u00e3o no Munic\u00edpio. Fundado em nove de setembro de 2017, surgiu da necessidade de uni\u00e3o dos agentes de tr\u00e2nsito e transporte do Estado.<\/p>\n\n\n<p>\u00c9 destinado aos membros da categoria, celetistas ou estatut\u00e1rios, no desempenho da fun\u00e7\u00e3o no Rio Grande do Sul. Uma das marcas do SINDATRAN-RS \u00e9 a defesa dos interesses da categoria em todas as esferas em que se discuta sobre tr\u00e2nsito e sua fiscaliza\u00e7\u00e3o, tais como Departamento de Tr\u00e2nsito do Rio Grande do Sul (DETRAN\/RS), Conselho Estadual de Tr\u00e2nsito do Rio Grande do Sul (CETRAN\/RS), prefeituras, C\u00e2maras de Vereadores, Minist\u00e9rio P\u00fablico, Minist\u00e9rio P\u00fablico do Trabalho, Tribunal de Contas, entre outros.<\/p>\n\n<p>Com sede na cidade de Canoas, na Rua Caramuru, 330, sala 01, o sindicato defende o reconhecimento dos agentes como integrantes da Seguran\u00e7a P\u00fablica, com direito a aposentadoria especial e direito ao porte de arma.<\/p>\n\n \n<p>O SINDATRAN-RS tem como objetivo a luta pela valoriza\u00e7\u00e3o e reconhecimento da categoria, assim como a qualifica\u00e7\u00e3o e padroniza\u00e7\u00e3o do servi\u00e7o, com reflexo em melhores condi\u00e7\u00f5es de trabalho.<\/p>\n\n \t\t\t\t\t<\/div>\n\t\t\t\t\t\t<\/div>\n\t\t\t\t<\/div>\n\t\t\t\t<div class=\"elementor-element elementor-element-5c2f389 elementor-widget elementor-widget-accordion\" data-id=\"5c2f389\" data-element_type=\"widget\" data-widget_type=\"accordion.default\">\n\t\t\t\t<div class=\"elementor-widget-container\">\n\t\t\t\t\t<div class=\"elementor-accordion\" role=\"tablist\">\n\t\t\t\t\t\t\t<div class=\"elementor-accordion-item\">\n\t\t\t\t\t<div id=\"elementor-tab-title-9661\" class=\"elementor-tab-title\" data-tab=\"1\" role=\"tab\" aria-controls=\"elementor-tab-content-9661\" aria-expanded=\"false\">\n\t\t\t\t\t\t\t\t\t\t\t\t\t<span class=\"elementor-accordion-icon elementor-accordion-icon-left\" aria-hidden=\"true\">\n\t\t\t\t\t\t\t\t\t\t\t\t\t\t\t<span class=\"elementor-accordion-icon-closed\"><i class=\"fas fa-plus\"><\/i><\/span>\n\t\t\t\t\t\t\t\t<span class=\"elementor-accordion-icon-opened\"><i class=\"fas fa-minus\"><\/i><\/span>\n\t\t\t\t\t\t\t\t\t\t\t\t\t\t<\/span>\n\t\t\t\t\t\t\t\t\t\t\t\t<a class=\"elementor-accordion-title\" href=\"\">Miss\u00e3o<\/a>\n\t\t\t\t\t<\/div>\n\t\t\t\t\t<div id=\"elementor-tab-content-9661\" class=\"elementor-tab-content elementor-clearfix\" data-tab=\"1\" role=\"tabpanel\" aria-labelledby=\"elementor-tab-title-9661\"><p><strong>Representar <\/strong>dos agentes de fiscaliza\u00e7\u00e3o de tr\u00e2nsito e transporte do Estado, na luta pela dignidade profissional, pela melhor qualidade das condi\u00e7\u00f5es de trabalho, pela padroniza\u00e7\u00e3o do servi\u00e7o e o reconhecimento da categoria como integrante da Seguran\u00e7a P\u00fablica.<\/p><\/div>\n\t\t\t\t<\/div>\n\t\t\t\t\t\t\t<div class=\"elementor-accordion-item\">\n\t\t\t\t\t<div id=\"elementor-tab-title-9662\" class=\"elementor-tab-title\" data-tab=\"2\" role=\"tab\" aria-controls=\"elementor-tab-content-9662\" aria-expanded=\"false\">\n\t\t\t\t\t\t\t\t\t\t\t\t\t<span class=\"elementor-accordion-icon elementor-accordion-icon-left\" aria-hidden=\"true\">\n\t\t\t\t\t\t\t\t\t\t\t\t\t\t\t<span class=\"elementor-accordion-icon-closed\"><i class=\"fas fa-plus\"><\/i><\/span>\n\t\t\t\t\t\t\t\t<span class=\"elementor-accordion-icon-opened\"><i class=\"fas fa-minus\"><\/i><\/span>\n\t\t\t\t\t\t\t\t\t\t\t\t\t\t<\/span>\n\t\t\t\t\t\t\t\t\t\t\t\t<a class=\"elementor-accordion-title\" href=\"\">Vis\u00e3o<\/a>\n\t\t\t\t\t<\/div>\n\t\t\t\t\t<div id=\"elementor-tab-content-9662\" class=\"elementor-tab-content elementor-clearfix\" data-tab=\"2\" role=\"tabpanel\" aria-labelledby=\"elementor-tab-title-9662\"><p>Ser refer\u00eancia sindical na valoriza\u00e7\u00e3o profissional e na busca permanente pela qualidade do servi\u00e7o dos agentes de fiscaliza\u00e7\u00e3o de tr\u00e2nsito e transporte do Rio Grande do Sul, assim como das suas condi\u00e7\u00f5es de trabalho.<\/p><\/div>\n\t\t\t\t<\/div>\n\t\t\t\t\t\t\t<div class=\"elementor-accordion-item\">\n\t\t\t\t\t<div id=\"elementor-tab-title-9663\" class=\"elementor-tab-title\" data-tab=\"3\" role=\"tab\" aria-controls=\"elementor-tab-content-9663\" aria-expanded=\"false\">\n\t\t\t\t\t\t\t\t\t\t\t\t\t<span class=\"elementor-accordion-icon elementor-accordion-icon-left\" aria-hidden=\"true\">\n\t\t\t\t\t\t\t\t\t\t\t\t\t\t\t<span class=\"elementor-accordion-icon-closed\"><i class=\"fas fa-plus\"><\/i><\/span>\n\t\t\t\t\t\t\t\t<span class=\"elementor-accordion-icon-opened\"><i class=\"fas fa-minus\"><\/i><\/span>\n\t\t\t\t\t\t\t\t\t\t\t\t\t\t<\/span>\n\t\t\t\t\t\t\t\t\t\t\t\t<a class=\"elementor-accordion-title\" href=\"\">Valores<\/a>\n\t\t\t\t\t<\/div>\n\t\t\t\t\t<div id=\"elementor-tab-content-9663\" class=\"elementor-tab-content elementor-clearfix\" data-tab=\"3\" role=\"tabpanel\" aria-labelledby=\"elementor-tab-title-9663\"><p>\u2013 Democracia e transpar\u00eancia;<br \/>\u2013 \u00c9tica e solidariedade;<br \/>\u2013 Humaniza\u00e7\u00e3o nas rela\u00e7\u00f5es de trabalho;<br \/>\u2013 Respeito \u00e0 vida e ao meio ambiente.<\/p><\/div>\n\t\t\t\t<\/div>\n\t\t\t\t\t\t\t\t<\/div>\n\t\t\t\t<\/div>\n\t\t\t\t<\/div>\n\t\t\t\t<div class=\"elementor-element elementor-element-edf9cbd elementor-widget elementor-widget-text-editor\" data-id=\"edf9cbd\" data-element_type=\"widget\" data-widget_type=\"text-editor.default\">\n\t\t\t\t<div class=\"elementor-widget-container\">\n\t\t\t\t\t\t\t\t<div class=\"elementor-text-editor elementor-clearfix\">\n\t\t\t\t<p><!-- wp:paragraph --><\/p>\n<p><strong>Momentos importantes<\/strong><\/p>\n<p>Cria\u00e7\u00e3o do SINDATRAN-RS, em setembro de 2017. Foi impulsionada pela categoria em 2015, ano em que foi aprovada a Lei Estadual n\u00ba 14.691, na Assembleia Legislativa do Rio Grande do Sul. No entanto, a legisla\u00e7\u00e3o que fixava as condi\u00e7\u00f5es m\u00ednimas para a atividade de Agente de Fiscaliza\u00e7\u00e3o de Tr\u00e2nsito no Estado foi considerada inconstitucional poucos meses depois. A partir de ent\u00e3o, um movimento impulsionou a cria\u00e7\u00e3o de um sindicato que pudesse representar os anseios e defender a categoria em todas as esferas de poder, j\u00e1 que, at\u00e9 ent\u00e3o, apenas os sindicatos de municip\u00e1rios cumpriam a tarefa dentro dos limites municipais, deixando os agentes sem voz nas decis\u00f5es referente \u00e0 categoria nas esferas federal e estadual.<\/p>\n<p>Aproxima\u00e7\u00e3o da diretoria do SINDATRAN-RS com o DETRAN\/RS que resultou, em setembro de 2018, em acordo para aumento da participa\u00e7\u00e3o dos agentes de tr\u00e2nsito em Baladas Seguras por todo o Estado, bem como o comprometimento de avalia\u00e7\u00e3o de situa\u00e7\u00f5es e sugest\u00f5es repassadas pelo SINDATRAN-RS oriundas dos Munic\u00edpios representados.<\/p>\n<p>Presen\u00e7a do sindicato no Congresso e Semin\u00e1rio de Forma\u00e7\u00e3o de Profissionais e Agentes de Tr\u00e2nsito do Estado da Bahia, em setembro de 2018.<\/p>\n<p>No m\u00eas de setembro de 2018 o sindicato tamb\u00e9m apoiou a prefeitura de Canoas no curso para agentes fiscalizadores de tr\u00e2nsito, no qual participaram agentes de 11 cidades, DETRAN\/RS, Brigada Militar, Inmetro, Pol\u00edcia Rodovi\u00e1ria Federal no Estado e de Santa Catarina.<\/p>\n<p>Entre setembro de 2018 e setembro de 2019 o SINDATRAN RS participou de uma s\u00e9rie de reuni\u00f5es na C\u00e2mara dos Deputados e Assembleia Legislativa do RS para discuss\u00e3o de projetos em defesa e valoriza\u00e7\u00e3o da categoria, com apoio da deputada estadual Franciane Bayer (PSB-RS) e a deputada federal Liziane Bayer (PSB-RS).<\/p>\n<p>Atrav\u00e9s de solicita\u00e7\u00e3o do SINDATRAN-RS ao CETRAN\/RS, em outubro de 2018, foi regulamentando o uso de selo do g\u00e1s natural veicular no Estado.<\/p>\n<p>O Rio Grande do Sul passa assim a ser o primeiro Estado do Pa\u00eds a regulamentar a exig\u00eancia do selo.<\/p>\n<p>Em novembro de 2018 o sindicato, em parceria com v\u00e1rias entidades, participou da realiza\u00e7\u00e3o do Semin\u00e1rio Boas Pr\u00e1ticas de Gest\u00e3o de Tr\u00e2nsito, promovido pela Federa\u00e7\u00e3o das Associa\u00e7\u00f5es de Munic\u00edpios do Rio Grande do Sul (Famurs).<\/p>\n<p>Em janeiro de 2019 o SINDATRAN-RS representou a categoria nas discuss\u00f5es sobre o diss\u00eddio, envolvendo os agentes de fiscaliza\u00e7\u00e3o de tr\u00e2nsito da cidade de Viam\u00e3o, em audi\u00eancia realizada em Porto Alegre.<\/p>\n<p>Participa\u00e7\u00e3o da dire\u00e7\u00e3o do sindicato no X Encontro Nacional dos Conselhos Estaduais de Tr\u00e2nsito, promovido pelo Focotran, em abril de 2019, na cidade de Gaspar, em Santa Catarina. No encontro foi proferida palestra pelo vice-presidente do SINDATRAN-RS sobre dificuldades da categoria e sugeridos meios para qualifica\u00e7\u00e3o e padroniza\u00e7\u00e3o do servi\u00e7o nos Munic\u00edpios brasileiros. O evento contou com representantes dos CETRANS de todo o Pa\u00eds.<\/p>\n<p>Em outubro de 2019 o SINDATRAN-RS participou de audi\u00eancia com o senador Paulo Paim (PT) sobre a Reforma da Previd\u00eancia. O sindicato defendeu a inclus\u00e3o da atividade de agentes de tr\u00e2nsito como perigosa, para atrav\u00e9s de uma PEC Paralela a categoria ter acesso \u00e0 aposentadoria especial.<\/p>\n<p>Participa\u00e7\u00e3o de reuni\u00e3o, em fevereiro de 2020, promovida pela Prefeitura de Canoas, na sede do Sindicato dos Metal\u00fargicos de Canoas, em que foi proposta elabora\u00e7\u00e3o de cartilha para agentes fiscalizadores e cria\u00e7\u00e3o de novas a\u00e7\u00f5es a fim de melhorar a fiscaliza\u00e7\u00e3o e repress\u00e3o de il\u00edcitos.<\/p>\n<p>Convite do CETRAN RS para participa\u00e7\u00e3o como palestrante no XIII F\u00f3rum Nacional dos Conselhos de Tr\u00e2nsito &#8211; FOCOTRAN &#8211; em abril de 2020, na cidade de Canela, na serra ga\u00facha. \u2013 o qual foi cancelado em virtude da pandemia de COVID-19.<\/p>\n<p><!-- \/wp:paragraph --><\/p>\t\t\t\t\t<\/div>\n\t\t\t\t\t\t<\/div>\n\t\t\t\t<\/div>\n\t\t\t\t\t\t<\/div>\n\t\t\t\t\t<\/div>\n\t\t<\/div>\n\t\t\t\t\t\t\t\t<\/div>\n\t\t\t\t\t<\/div>\n\t\t<\/section>\n\t\t\t\t\t\t\t\t\t<\/div>\n\t\t\t<\/div>\n\t\t\t\t\t<\/div>\n\t\t","protected":false},"excerpt":{"rendered":"<p>O Sindicato Estadual dos Agentes de Fiscaliza\u00e7\u00e3o de Tr\u00e2nsito e Transporte do Estado do Rio Grande do Sul \u2013 SINDATRAN-RS representa os agentes de fiscaliza\u00e7\u00e3o de tr\u00e2nsito de 496 cidades ga\u00fachas, excluindo apenas Porto Alegre, que possui um sindicato pr\u00f3prio com representa\u00e7\u00e3o no Munic\u00edpio. Fundado em nove de setembro de 2017, surgiu da necessidade de [&hellip;]<\/p>\n","protected":false},"author":1,"featured_media":0,"parent":0,"menu_order":0,"comment_status":"closed","ping_status":"closed","template":"elementor_header_footer","meta":{"ngg_post_thumbnail":0,"_joinchat":[]},"_links":{"self":[{"href":"https:\/\/sindatranrs.org.br\/site\/wp-json\/wp\/v2\/pages\/138"}],"collection":[{"href":"https:\/\/sindatranrs.org.br\/site\/wp-json\/wp\/v2\/pages"}],"about":[{"href":"https:\/\/sindatranrs.org.br\/site\/wp-json\/wp\/v2\/types\/page"}],"author":[{"embeddable":true,"href":"https:\/\/sindatranrs.org.br\/site\/wp-json\/wp\/v2\/users\/1"}],"replies":[{"embeddable":true,"href":"https:\/\/sindatranrs.org.br\/site\/wp-json\/wp\/v2\/comments?post=138"}],"version-history":[{"count":4,"href":"https:\/\/sindatranrs.org.br\/site\/wp-json\/wp\/v2\/pages\/138\/revisions"}],"predecessor-version":[{"id":176,"href":"https:\/\/sindatranrs.org.br\/site\/wp-json\/wp\/v2\/pages\/138\/revisions\/176"}],"wp:attachment":[{"href":"https:\/\/sindatranrs.org.br\/site\/wp-json\/wp\/v2\/media?parent=138"}],"curies":[{"name":"wp","href":"https:\/\/api.w.org\/{rel}","templated":true}]}}