{"id":141,"date":"2020-07-28T21:29:17","date_gmt":"2020-07-29T00:29:17","guid":{"rendered":"https:\/\/sindatranrs.org.br\/site\/?page_id=141"},"modified":"2020-08-06T22:07:22","modified_gmt":"2020-08-07T01:07:22","slug":"estatuto","status":"publish","type":"page","link":"https:\/\/sindatranrs.org.br\/site\/estatuto\/","title":{"rendered":"Estatuto"},"content":{"rendered":"\t\t<div data-elementor-type=\"wp-page\" data-elementor-id=\"141\" class=\"elementor elementor-141\">\n\t\t\t\t\t\t<div class=\"elementor-inner\">\n\t\t\t\t<div class=\"elementor-section-wrap\">\n\t\t\t\t\t\t\t\t\t<section class=\"elementor-section elementor-top-section elementor-element elementor-element-66df8d5d elementor-section-boxed elementor-section-height-default elementor-section-height-default\" data-id=\"66df8d5d\" data-element_type=\"section\">\n\t\t\t\t\t\t<div class=\"elementor-container elementor-column-gap-default\">\n\t\t\t\t\t\t\t<div class=\"elementor-row\">\n\t\t\t\t\t<div class=\"elementor-column elementor-col-100 elementor-top-column elementor-element elementor-element-1aae4419\" data-id=\"1aae4419\" data-element_type=\"column\">\n\t\t\t<div class=\"elementor-column-wrap elementor-element-populated\">\n\t\t\t\t\t\t\t<div class=\"elementor-widget-wrap\">\n\t\t\t\t\t\t<div class=\"elementor-element elementor-element-6c5c4ee elementor-widget elementor-widget-spacer\" data-id=\"6c5c4ee\" data-element_type=\"widget\" data-widget_type=\"spacer.default\">\n\t\t\t\t<div class=\"elementor-widget-container\">\n\t\t\t\t\t<div class=\"elementor-spacer\">\n\t\t\t<div class=\"elementor-spacer-inner\"><\/div>\n\t\t<\/div>\n\t\t\t\t<\/div>\n\t\t\t\t<\/div>\n\t\t\t\t<div class=\"elementor-element elementor-element-c1bd4ed elementor-widget elementor-widget-theme-post-title elementor-page-title elementor-widget-heading\" data-id=\"c1bd4ed\" data-element_type=\"widget\" data-widget_type=\"theme-post-title.default\">\n\t\t\t\t<div class=\"elementor-widget-container\">\n\t\t\t<h1 class=\"elementor-heading-title elementor-size-default\">Estatuto<\/h1>\t\t<\/div>\n\t\t\t\t<\/div>\n\t\t\t\t<div class=\"elementor-element elementor-element-1f3e705d elementor-widget elementor-widget-text-editor\" data-id=\"1f3e705d\" data-element_type=\"widget\" data-widget_type=\"text-editor.default\">\n\t\t\t\t<div class=\"elementor-widget-container\">\n\t\t\t\t\t\t\t\t<div class=\"elementor-text-editor elementor-clearfix\">\n\t\t\t\t<p><!-- wp:paragraph --><\/p>\n<p>Este documento regulamenta e disciplina todas as atividades do SINDATRAN-RS. O estatuto define a forma de funcionamento do Sindicato, a composi\u00e7\u00e3o da Diretoria, de que forma e a quem cabe a tomada de decis\u00e3o, assim como quem representa a entidade e outras defini\u00e7\u00f5es. Clique no bot\u00e3o abaixo e acesse o documento na \u00edntegra.<\/p>\n<p><!-- \/wp:paragraph --><\/p>\t\t\t\t\t<\/div>\n\t\t\t\t\t\t<\/div>\n\t\t\t\t<\/div>\n\t\t\t\t<div class=\"elementor-element elementor-element-e93057a elementor-align-center elementor-widget elementor-widget-button\" data-id=\"e93057a\" data-element_type=\"widget\" data-widget_type=\"button.default\">\n\t\t\t\t<div class=\"elementor-widget-container\">\n\t\t\t\t\t<div class=\"elementor-button-wrapper\">\n\t\t\t<a href=\"http:\/\/sindatranrs.org.br\/site\/wp-content\/uploads\/2020\/07\/ESTATUTO-REGISTRADO.pdf\" target=\"_blank\" class=\"elementor-button-link elementor-button elementor-size-lg\" role=\"button\">\n\t\t\t\t\t\t<span class=\"elementor-button-content-wrapper\">\n\t\t\t\t\t\t<span class=\"elementor-button-text\">Visualizar Estatuto<\/span>\n\t\t<\/span>\n\t\t\t\t\t<\/a>\n\t\t<\/div>\n\t\t\t\t<\/div>\n\t\t\t\t<\/div>\n\t\t\t\t\t\t<\/div>\n\t\t\t\t\t<\/div>\n\t\t<\/div>\n\t\t\t\t\t\t\t\t<\/div>\n\t\t\t\t\t<\/div>\n\t\t<\/section>\n\t\t\t\t\t\t\t\t\t<\/div>\n\t\t\t<\/div>\n\t\t\t\t\t<\/div>\n\t\t","protected":false},"excerpt":{"rendered":"<p>Este documento regulamenta e disciplina todas as atividades do SINDATRAN-RS. O estatuto define a forma de funcionamento do Sindicato, a composi\u00e7\u00e3o da Diretoria, de que forma e a quem cabe a tomada de decis\u00e3o, assim como quem representa a entidade e outras defini\u00e7\u00f5es. Clique no bot\u00e3o abaixo e acesse o documento na \u00edntegra. Visualizar Estatuto<\/p>\n","protected":false},"author":1,"featured_media":0,"parent":0,"menu_order":0,"comment_status":"closed","ping_status":"closed","template":"fullwidth.php","meta":{"ngg_post_thumbnail":0,"_joinchat":[]},"_links":{"self":[{"href":"https:\/\/sindatranrs.org.br\/site\/wp-json\/wp\/v2\/pages\/141"}],"collection":[{"href":"https:\/\/sindatranrs.org.br\/site\/wp-json\/wp\/v2\/pages"}],"about":[{"href":"https:\/\/sindatranrs.org.br\/site\/wp-json\/wp\/v2\/types\/page"}],"author":[{"embeddable":true,"href":"https:\/\/sindatranrs.org.br\/site\/wp-json\/wp\/v2\/users\/1"}],"replies":[{"embeddable":true,"href":"https:\/\/sindatranrs.org.br\/site\/wp-json\/wp\/v2\/comments?post=141"}],"version-history":[{"count":3,"href":"https:\/\/sindatranrs.org.br\/site\/wp-json\/wp\/v2\/pages\/141\/revisions"}],"predecessor-version":[{"id":180,"href":"https:\/\/sindatranrs.org.br\/site\/wp-json\/wp\/v2\/pages\/141\/revisions\/180"}],"wp:attachment":[{"href":"https:\/\/sindatranrs.org.br\/site\/wp-json\/wp\/v2\/media?parent=141"}],"curies":[{"name":"wp","href":"https:\/\/api.w.org\/{rel}","templated":true}]}}