{"id":168,"date":"2020-08-06T21:49:33","date_gmt":"2020-08-07T00:49:33","guid":{"rendered":"https:\/\/sindatranrs.org.br\/site\/?page_id=168"},"modified":"2021-05-12T14:19:25","modified_gmt":"2021-05-12T17:19:25","slug":"estatisticas","status":"publish","type":"page","link":"https:\/\/sindatranrs.org.br\/site\/estatisticas\/","title":{"rendered":"Estat\u00edsticas"},"content":{"rendered":"\t\t<div data-elementor-type=\"wp-page\" data-elementor-id=\"168\" class=\"elementor elementor-168\">\n\t\t\t\t\t\t<div class=\"elementor-inner\">\n\t\t\t\t<div class=\"elementor-section-wrap\">\n\t\t\t\t\t\t\t\t\t<section class=\"elementor-section elementor-top-section elementor-element elementor-element-66df8d5d elementor-section-boxed elementor-section-height-default elementor-section-height-default\" data-id=\"66df8d5d\" data-element_type=\"section\">\n\t\t\t\t\t\t<div class=\"elementor-container elementor-column-gap-default\">\n\t\t\t\t\t\t\t<div class=\"elementor-row\">\n\t\t\t\t\t<div class=\"elementor-column elementor-col-100 elementor-top-column elementor-element elementor-element-1aae4419\" data-id=\"1aae4419\" data-element_type=\"column\">\n\t\t\t<div class=\"elementor-column-wrap elementor-element-populated\">\n\t\t\t\t\t\t\t<div class=\"elementor-widget-wrap\">\n\t\t\t\t\t\t<div class=\"elementor-element elementor-element-7f7200c elementor-widget elementor-widget-theme-post-title elementor-page-title elementor-widget-heading\" data-id=\"7f7200c\" data-element_type=\"widget\" data-widget_type=\"theme-post-title.default\">\n\t\t\t\t<div class=\"elementor-widget-container\">\n\t\t\t<h1 class=\"elementor-heading-title elementor-size-default\">Estat\u00edsticas<\/h1>\t\t<\/div>\n\t\t\t\t<\/div>\n\t\t\t\t<div class=\"elementor-element elementor-element-1f3e705d elementor-widget elementor-widget-text-editor\" data-id=\"1f3e705d\" data-element_type=\"widget\" data-widget_type=\"text-editor.default\">\n\t\t\t\t<div class=\"elementor-widget-container\">\n\t\t\t\t\t\t\t\t<div class=\"elementor-text-editor elementor-clearfix\">\n\t\t\t\tO SINDATRAN-RS acompanha e monitora os cen\u00e1rios e ocorr\u00eancias relacionadas ao desempenho das atividades profissionais dos agentes de tr\u00e2nsito no Rio Grande do Sul, acompanhando tamb\u00e9m algumas quest\u00f5es nacionais. Atrav\u00e9s de pesquisa e com a colabora\u00e7\u00e3o de colegas de todo pa\u00eds, disponibilizamos levantamentos estat\u00edsticos. Confira. \n\n\t\t\t\t\t<\/div>\n\t\t\t\t\t\t<\/div>\n\t\t\t\t<\/div>\n\t\t\t\t<div class=\"elementor-element elementor-element-1fb01be elementor-widget elementor-widget-image\" data-id=\"1fb01be\" data-element_type=\"widget\" data-widget_type=\"image.default\">\n\t\t\t\t<div class=\"elementor-widget-container\">\n\t\t\t\t\t\t\t\t<div class=\"elementor-image\">\n\t\t\t\t\t\t\t\t\t\t\t\t<img decoding=\"async\" width=\"1024\" height=\"577\" src=\"https:\/\/sindatranrs.org.br\/site\/wp-content\/uploads\/2021\/05\/WhatsApp-Image-2021-05-11-at-17.09.16-1-1024x577.jpeg\" class=\"attachment-large size-large wp-image-900\" alt=\"\" loading=\"lazy\" srcset=\"https:\/\/sindatranrs.org.br\/site\/wp-content\/uploads\/2021\/05\/WhatsApp-Image-2021-05-11-at-17.09.16-1-1024x577.jpeg 1024w, https:\/\/sindatranrs.org.br\/site\/wp-content\/uploads\/2021\/05\/WhatsApp-Image-2021-05-11-at-17.09.16-1-300x169.jpeg 300w, https:\/\/sindatranrs.org.br\/site\/wp-content\/uploads\/2021\/05\/WhatsApp-Image-2021-05-11-at-17.09.16-1-768x433.jpeg 768w, https:\/\/sindatranrs.org.br\/site\/wp-content\/uploads\/2021\/05\/WhatsApp-Image-2021-05-11-at-17.09.16-1-100x55.jpeg 100w, https:\/\/sindatranrs.org.br\/site\/wp-content\/uploads\/2021\/05\/WhatsApp-Image-2021-05-11-at-17.09.16-1.jpeg 1280w\" sizes=\"(max-width: 1024px) 100vw, 1024px\" \/>\t\t\t\t\t\t\t\t\t\t\t\t\t\t<\/div>\n\t\t\t\t\t\t<\/div>\n\t\t\t\t<\/div>\n\t\t\t\t<div class=\"elementor-element elementor-element-fa0ad50 elementor-widget elementor-widget-image\" data-id=\"fa0ad50\" data-element_type=\"widget\" data-widget_type=\"image.default\">\n\t\t\t\t<div class=\"elementor-widget-container\">\n\t\t\t\t\t\t\t\t<div class=\"elementor-image\">\n\t\t\t\t\t\t\t\t\t\t\t\t<img decoding=\"async\" width=\"1024\" height=\"574\" src=\"https:\/\/sindatranrs.org.br\/site\/wp-content\/uploads\/2021\/05\/WhatsApp-Image-2021-05-11-at-17.09.16-1024x574.jpeg\" class=\"attachment-large size-large wp-image-901\" alt=\"\" loading=\"lazy\" srcset=\"https:\/\/sindatranrs.org.br\/site\/wp-content\/uploads\/2021\/05\/WhatsApp-Image-2021-05-11-at-17.09.16-1024x574.jpeg 1024w, https:\/\/sindatranrs.org.br\/site\/wp-content\/uploads\/2021\/05\/WhatsApp-Image-2021-05-11-at-17.09.16-300x168.jpeg 300w, https:\/\/sindatranrs.org.br\/site\/wp-content\/uploads\/2021\/05\/WhatsApp-Image-2021-05-11-at-17.09.16-768x431.jpeg 768w, https:\/\/sindatranrs.org.br\/site\/wp-content\/uploads\/2021\/05\/WhatsApp-Image-2021-05-11-at-17.09.16-100x55.jpeg 100w, https:\/\/sindatranrs.org.br\/site\/wp-content\/uploads\/2021\/05\/WhatsApp-Image-2021-05-11-at-17.09.16.jpeg 1280w\" sizes=\"(max-width: 1024px) 100vw, 1024px\" \/>\t\t\t\t\t\t\t\t\t\t\t\t\t\t<\/div>\n\t\t\t\t\t\t<\/div>\n\t\t\t\t<\/div>\n\t\t\t\t<div class=\"elementor-element elementor-element-2075c3d elementor-widget elementor-widget-image\" data-id=\"2075c3d\" data-element_type=\"widget\" data-widget_type=\"image.default\">\n\t\t\t\t<div class=\"elementor-widget-container\">\n\t\t\t\t\t\t\t\t<div class=\"elementor-image\">\n\t\t\t\t\t\t\t\t\t\t\t\t<img decoding=\"async\" width=\"1024\" height=\"573\" src=\"https:\/\/sindatranrs.org.br\/site\/wp-content\/uploads\/2021\/05\/WhatsApp-Image-2021-05-11-at-17.09.16-2-1024x573.jpeg\" class=\"attachment-large size-large wp-image-899\" alt=\"\" loading=\"lazy\" srcset=\"https:\/\/sindatranrs.org.br\/site\/wp-content\/uploads\/2021\/05\/WhatsApp-Image-2021-05-11-at-17.09.16-2-1024x573.jpeg 1024w, https:\/\/sindatranrs.org.br\/site\/wp-content\/uploads\/2021\/05\/WhatsApp-Image-2021-05-11-at-17.09.16-2-300x168.jpeg 300w, https:\/\/sindatranrs.org.br\/site\/wp-content\/uploads\/2021\/05\/WhatsApp-Image-2021-05-11-at-17.09.16-2-768x430.jpeg 768w, https:\/\/sindatranrs.org.br\/site\/wp-content\/uploads\/2021\/05\/WhatsApp-Image-2021-05-11-at-17.09.16-2-100x55.jpeg 100w, https:\/\/sindatranrs.org.br\/site\/wp-content\/uploads\/2021\/05\/WhatsApp-Image-2021-05-11-at-17.09.16-2.jpeg 1280w\" sizes=\"(max-width: 1024px) 100vw, 1024px\" \/>\t\t\t\t\t\t\t\t\t\t\t\t\t\t<\/div>\n\t\t\t\t\t\t<\/div>\n\t\t\t\t<\/div>\n\t\t\t\t\t\t<\/div>\n\t\t\t\t\t<\/div>\n\t\t<\/div>\n\t\t\t\t\t\t\t\t<\/div>\n\t\t\t\t\t<\/div>\n\t\t<\/section>\n\t\t\t\t\t\t\t\t\t<\/div>\n\t\t\t<\/div>\n\t\t\t\t\t<\/div>\n\t\t","protected":false},"excerpt":{"rendered":"<p>O SINDATRAN-RS acompanha e monitora os cen\u00e1rios e ocorr\u00eancias relacionadas ao desempenho das atividades profissionais dos agentes de tr\u00e2nsito no Rio Grande do Sul, acompanhando tamb\u00e9m algumas quest\u00f5es nacionais. Atrav\u00e9s de pesquisa e com a colabora\u00e7\u00e3o de colegas de todo pa\u00eds, disponibilizamos levantamentos estat\u00edsticos. Confira.<\/p>\n","protected":false},"author":1,"featured_media":0,"parent":0,"menu_order":0,"comment_status":"closed","ping_status":"closed","template":"elementor_header_footer","meta":{"ngg_post_thumbnail":0,"_joinchat":[]},"_links":{"self":[{"href":"https:\/\/sindatranrs.org.br\/site\/wp-json\/wp\/v2\/pages\/168"}],"collection":[{"href":"https:\/\/sindatranrs.org.br\/site\/wp-json\/wp\/v2\/pages"}],"about":[{"href":"https:\/\/sindatranrs.org.br\/site\/wp-json\/wp\/v2\/types\/page"}],"author":[{"embeddable":true,"href":"https:\/\/sindatranrs.org.br\/site\/wp-json\/wp\/v2\/users\/1"}],"replies":[{"embeddable":true,"href":"https:\/\/sindatranrs.org.br\/site\/wp-json\/wp\/v2\/comments?post=168"}],"version-history":[{"count":9,"href":"https:\/\/sindatranrs.org.br\/site\/wp-json\/wp\/v2\/pages\/168\/revisions"}],"predecessor-version":[{"id":904,"href":"https:\/\/sindatranrs.org.br\/site\/wp-json\/wp\/v2\/pages\/168\/revisions\/904"}],"wp:attachment":[{"href":"https:\/\/sindatranrs.org.br\/site\/wp-json\/wp\/v2\/media?parent=168"}],"curies":[{"name":"wp","href":"https:\/\/api.w.org\/{rel}","templated":true}]}}