{"id":252,"date":"2020-08-16T20:17:49","date_gmt":"2020-08-16T23:17:49","guid":{"rendered":"https:\/\/sindatranrs.org.br\/site\/?page_id=252"},"modified":"2020-11-05T20:23:31","modified_gmt":"2020-11-05T23:23:31","slug":"seja-socio","status":"publish","type":"page","link":"https:\/\/sindatranrs.org.br\/site\/seja-socio\/","title":{"rendered":"Associe-se"},"content":{"rendered":"\n<p>Voc\u00ea, agente de tr\u00e2nsito e transportes do estado do Rio Grande do Sul, associe-se ao SINDATRAN-RS e juntos conquistaremos melhores condi\u00e7\u00f5es de trabalho para toda a categoria. \u00c9 atrav\u00e9s da sindicaliza\u00e7\u00e3o que ser\u00e1 poss\u00edvel continuar a lutar por avan\u00e7os, em busca de benef\u00edcios para todos os agentes de fiscaliza\u00e7\u00e3o de tr\u00e2nsito.<\/p>\n\n\n\n<p>At\u00e9 a cria\u00e7\u00e3o do SINDATRAN-RS, os agentes de tr\u00e2nsito e transportes encontravam-se sem representatividade espec\u00edfica para suas demandas. Os sindicatos de municip\u00e1rios os representavam (juntamente com todos demais servidores), n\u00e3o podendo, entretanto, concentrarem-se nas quest\u00f5es que s\u00e3o tratadas nas esferas estaduais e federais, bem como no legislativo ga\u00facho e no Congresso Nacional.<\/p>\n\n\n\n<p>A cada ano colegas de profiss\u00e3o s\u00e3o v\u00edtimas de viol\u00eancia no desempenho das suas fun\u00e7\u00f5es ou enfrentam limita\u00e7\u00f5es por condi\u00e7\u00f5es de trabalho inapropriadas. Al\u00e9m de defender a categoria nestas circunst\u00e2ncias, as campanhas salariais tamb\u00e9m ganham maior import\u00e2ncia com o apoio sindical, bem como a constru\u00e7\u00e3o de estrat\u00e9gias pol\u00edticas para se alcan\u00e7ar os avan\u00e7os dentro da categoria.<\/p>\n\n\n\n<h2><strong>Benef\u00edcios:<\/strong><strong><\/strong><\/h2>\n\n\n\n<ul><li><strong>Conv\u00eanio com o escrit\u00f3rio CCM<\/strong> <strong>advogados<\/strong> \u2013 Assist\u00eancia Jur\u00eddica \u00e0 categoria no Estado do Rio Grande do Sul, em todas as \u00e1reas, com especial aten\u00e7\u00e3o para Direito Administrativo, Direito do Trabalho e Direito Previdenci\u00e1rio. Atua\u00e7\u00e3o na defesa dos interesses em processos individuais e coletivos. Servi\u00e7o com honor\u00e1rios diferenciados e reduzidos para os Agentes de Fiscaliza\u00e7\u00e3o filiados ao SINDATRAN RS. Os filiados contam com atendimento especial pelos canais de atendimento dispon\u00edveis no site <a href=\"http:\/\/www.ccm.adv.br\">www.ccm.adv.br<\/a>;<\/li><li><strong>Parceria com a Veloe <\/strong>\u2013 Dois anos de isen\u00e7\u00e3o na mensalidade, passagem livre e direta em ped\u00e1gios com valores descontados posteriormente em cart\u00e3o de cr\u00e9dito;<\/li><li><strong>Parceria com a Unimed Odonto<\/strong> \u2013 Plano odontol\u00f3gico, sem coparticipa\u00e7\u00e3o e com cobertura nacional para associados, dependentes e agregados &#8211; <a href=\"http:\/\/entidade.top\/sindatranrs\/\">http:\/\/entidade.top\/sindatranrs\/<\/a>;<\/li><li><strong>Parceria com a Rede de Postos SIM<\/strong> \u2013 Descontos no abastecimento de combust\u00edvel atrav\u00e9s da apresenta\u00e7\u00e3o do cart\u00e3o de filiado (em produ\u00e7\u00e3o);<\/li><li><strong>Informa\u00e7\u00f5es Qualificadas<\/strong> &#8211; O portal de not\u00edcias ir\u00e1 oferecer aos associados informa\u00e7\u00f5es e estat\u00edsticas exclusivas, com atualidade e profundidade, produzidas pelo SINDATRAN-RS, para manter a categoria bem informada sobre os acontecimentos e seus direitos. Possuindo tamb\u00e9m espa\u00e7o para den\u00fancias sobre irregularidades ou abusos no ambiente ou rela\u00e7\u00e3o de trabalho dos associados, para os devidos encaminhamentos por parte do sindicato;<\/li><li><strong>For\u00e7a de representatividade<\/strong> \u2013 Quanto mais filiados, maior \u00e9 o poder do sindicato, seja na busca por melhores condi\u00e7\u00f5es nos benef\u00edcios ou na representatividade perante \u00f3rg\u00e3os e pol\u00edticos de todas esferas.<\/li><\/ul>\n\n\n\n<p>Somente atrav\u00e9s da constru\u00e7\u00e3o coletiva, com filia\u00e7\u00f5es e contribui\u00e7\u00f5es, \u00e9 que o sindicato pode ser forte. A articula\u00e7\u00e3o junto a outros sindicatos sobre as demandas da categoria em Bras\u00edlia ou em encontros regionais, contrata\u00e7\u00e3o de profissionais, custos banc\u00e1rios, manuten\u00e7\u00e3o das m\u00eddias e da entidade em geral s\u00e3o apenas algumas das necessidades que requerem o apoio financeiro que, se n\u00e3o realizado, acaba por retardar a\u00e7\u00f5es e engessar a entidade.<\/p>\n\n\n\n<p>Por isso, chamamos aos n\u00e3o s\u00f3cios a se sindicalizarem e contribu\u00edrem financeiramente com o sindicato. J\u00e1 para os associados, pedimos que busquem o apoio e associa\u00e7\u00e3o de mais colegas, fazendo parte efetivamente da constru\u00e7\u00e3o de um futuro melhor para a categoria. Desta forma, possibilitar\u00e1 que o SINDATRAN-RS lute pelos direitos, buscando a valoriza\u00e7\u00e3o e reconhecimento de todos agentes de tr\u00e2nsito e transportes do Rio Grande do Sul.<\/p>\n\n\n<div class=\"wpcf7 no-js\" id=\"wpcf7-f251-o1\" lang=\"pt-BR\" dir=\"ltr\">\n<div class=\"screen-reader-response\"><p role=\"status\" aria-live=\"polite\" aria-atomic=\"true\"><\/p> <ul><\/ul><\/div>\n<form action=\"\/site\/wp-json\/wp\/v2\/pages\/252#wpcf7-f251-o1\" method=\"post\" class=\"wpcf7-form init\" aria-label=\"Formul\u00e1rios de contato\" novalidate=\"novalidate\" data-status=\"init\">\n<div style=\"display: none;\">\n<input type=\"hidden\" name=\"_wpcf7\" value=\"251\" \/>\n<input type=\"hidden\" name=\"_wpcf7_version\" value=\"5.7.2\" \/>\n<input type=\"hidden\" name=\"_wpcf7_locale\" value=\"pt_BR\" \/>\n<input type=\"hidden\" name=\"_wpcf7_unit_tag\" value=\"wpcf7-f251-o1\" \/>\n<input type=\"hidden\" name=\"_wpcf7_container_post\" value=\"0\" \/>\n<input type=\"hidden\" name=\"_wpcf7_posted_data_hash\" value=\"\" \/>\n<\/div>\n<style>\n.form-socio label{\nfont-weight: bold;\nwidth: 100%;\n}\n<\/style>\n<div class=\"row form-socio\" >\n\t<div class=\"col-12\">\n\t\t<p><label>Nome: <span class=\"wpcf7-form-control-wrap\" data-name=\"nome\"><input size=\"40\" class=\"wpcf7-form-control wpcf7-text wpcf7-validates-as-required\" aria-required=\"true\" aria-invalid=\"false\" value=\"\" type=\"text\" name=\"nome\" \/><\/span> <\/label>\n\t\t<\/p>\n\t<\/div>\n\t<div class=\"col-4\">\n\t\t<p><label>Data Nascimento: <span class=\"wpcf7-form-control-wrap\" data-name=\"data-nascimento\"><input size=\"40\" class=\"wpcf7-form-control wpcf7-text wpcf7-validates-as-required\" aria-required=\"true\" aria-invalid=\"false\" value=\"\" type=\"text\" name=\"data-nascimento\" \/><\/span> <\/label>\n\t\t<\/p>\n\t<\/div>\n\t<div class=\"col-8\">\n\t\t<p><label>Nacionalidade: <span class=\"wpcf7-form-control-wrap\" data-name=\"nacionalidade\"><input size=\"40\" class=\"wpcf7-form-control wpcf7-text wpcf7-validates-as-required\" aria-required=\"true\" aria-invalid=\"false\" value=\"\" type=\"text\" name=\"nacionalidade\" \/><\/span> <\/label>\n\t\t<\/p>\n\t<\/div>\n\n<!-- Linha -->\n\t<div class=\"col-4\">\n\t\t<p><label>Estado Civil: <span class=\"wpcf7-form-control-wrap\" data-name=\"estado-civil\"><input size=\"40\" class=\"wpcf7-form-control wpcf7-text wpcf7-validates-as-required\" aria-required=\"true\" aria-invalid=\"false\" value=\"\" type=\"text\" name=\"estado-civil\" \/><\/span> <\/label>\n\t\t<\/p>\n\t<\/div>\n\t<div class=\"col-8\">\n\t\t<p><label>Sexo:<\/label><span class=\"wpcf7-form-control-wrap\" data-name=\"sexo\"><span class=\"wpcf7-form-control wpcf7-radio\"><span class=\"wpcf7-list-item first\"><input type=\"radio\" name=\"sexo\" value=\"Masculino\" checked=\"checked\" tabindex=\"\" \/><span class=\"wpcf7-list-item-label\">Masculino<\/span><\/span><span class=\"wpcf7-list-item last\"><input type=\"radio\" name=\"sexo\" value=\"Feminino\" tabindex=\"\" \/><span class=\"wpcf7-list-item-label\">Feminino<\/span><\/span><\/span><\/span>\n\t\t<\/p>\n\t<\/div>\n\n<!-- Linha -->\n\t<div class=\"col-6\">\n\t\t<p><label>Endere\u00e7o: <span class=\"wpcf7-form-control-wrap\" data-name=\"estado-civil\"><input size=\"40\" class=\"wpcf7-form-control wpcf7-text wpcf7-validates-as-required\" aria-required=\"true\" aria-invalid=\"false\" value=\"\" type=\"text\" name=\"estado-civil\" \/><\/span> <\/label>\n\t\t<\/p>\n\t<\/div>\n\t<div class=\"col-12\">\n\t\t<p><label>Nome da m\u00e3e: <span class=\"wpcf7-form-control-wrap\" data-name=\"nome-mae\"><input size=\"40\" class=\"wpcf7-form-control wpcf7-text wpcf7-validates-as-required\" aria-required=\"true\" aria-invalid=\"false\" value=\"\" type=\"text\" name=\"nome-mae\" \/><\/span> <\/label>\n\t\t<\/p>\n\t<\/div>\n\t<div class=\"col-2\">\n\t\t<p><label>RG: <span class=\"wpcf7-form-control-wrap\" data-name=\"rg\"><input size=\"40\" class=\"wpcf7-form-control wpcf7-text wpcf7-validates-as-required\" aria-required=\"true\" aria-invalid=\"false\" value=\"\" type=\"text\" name=\"rg\" \/><\/span> <\/label>\n\t\t<\/p>\n\t<\/div>\n\t<div class=\"col-2\">\n\t\t<p><label>Exp RG <span class=\"wpcf7-form-control-wrap\" data-name=\"exp-rg\"><input size=\"40\" class=\"wpcf7-form-control wpcf7-text wpcf7-validates-as-required\" aria-required=\"true\" aria-invalid=\"false\" value=\"\" type=\"text\" name=\"exp-rg\" \/><\/span> <\/label>\n\t\t<\/p>\n\t<\/div>\n\t<div class=\"col-1\">\n\t\t<p><label>UF <span class=\"wpcf7-form-control-wrap\" data-name=\"uf-rg\"><input size=\"40\" class=\"wpcf7-form-control wpcf7-text wpcf7-validates-as-required\" aria-required=\"true\" aria-invalid=\"false\" value=\"\" type=\"text\" name=\"uf-rg\" \/><\/span> <\/label>\n\t\t<\/p>\n\t<\/div>\n\t<div class=\"col-3\">\n\t\t<p><label>UF <span class=\"wpcf7-form-control-wrap\" data-name=\"cpf\"><input size=\"40\" class=\"wpcf7-form-control wpcf7-text wpcf7-validates-as-required\" aria-required=\"true\" aria-invalid=\"false\" value=\"\" type=\"text\" name=\"cpf\" \/><\/span> <\/label>\n\t\t<\/p>\n\t<\/div>\n\t<div class=\"col-12\">\n\t\t<p><label>N\u00edvel de Instru\u00e7\u00e3o:<\/label><span class=\"wpcf7-form-control-wrap\" data-name=\"instrucao\"><span class=\"wpcf7-form-control wpcf7-radio\"><span class=\"wpcf7-list-item first\"><input type=\"radio\" name=\"instrucao\" value=\"Fundamental\" checked=\"checked\" tabindex=\"\" \/><span class=\"wpcf7-list-item-label\">Fundamental<\/span><\/span><span class=\"wpcf7-list-item\"><input type=\"radio\" name=\"instrucao\" value=\"M\u00e9dio\" tabindex=\"\" \/><span class=\"wpcf7-list-item-label\">M\u00e9dio<\/span><\/span><span class=\"wpcf7-list-item\"><input type=\"radio\" name=\"instrucao\" value=\"Gradua\u00e7\u00e3o\" tabindex=\"\" \/><span class=\"wpcf7-list-item-label\">Gradua\u00e7\u00e3o<\/span><\/span><span class=\"wpcf7-list-item\"><input type=\"radio\" name=\"instrucao\" value=\"P\u00f3s\" tabindex=\"\" \/><span class=\"wpcf7-list-item-label\">P\u00f3s<\/span><\/span><span class=\"wpcf7-list-item\"><input type=\"radio\" name=\"instrucao\" value=\"Mestrado\" tabindex=\"\" \/><span class=\"wpcf7-list-item-label\">Mestrado<\/span><\/span><span class=\"wpcf7-list-item last\"><input type=\"radio\" name=\"instrucao\" value=\"Doutorado\" tabindex=\"\" \/><span class=\"wpcf7-list-item-label\">Doutorado<\/span><\/span><\/span><\/span>\n\t\t<\/p>\n\t<\/div>\n\t<div class=\"col-6\">\n\t\t<p><label>Telefone <span class=\"wpcf7-form-control-wrap\" data-name=\"fone1\"><input size=\"40\" class=\"wpcf7-form-control wpcf7-text wpcf7-validates-as-required\" aria-required=\"true\" aria-invalid=\"false\" value=\"\" type=\"text\" name=\"fone1\" \/><\/span><\/label>\n\t\t<\/p>\n\t<\/div>\n\t<div class=\"col-6\">\n\t\t<p><label>Telefone 2 <span class=\"wpcf7-form-control-wrap\" data-name=\"fone2\"><input size=\"40\" class=\"wpcf7-form-control wpcf7-text\" aria-invalid=\"false\" value=\"\" type=\"text\" name=\"fone2\" \/><\/span> <\/label>\n\t\t<\/p>\n\t<\/div>\n\t<div class=\"col-12\">\n\t\t<p><label>E-mail <span class=\"wpcf7-form-control-wrap\" data-name=\"email\"><input size=\"40\" class=\"wpcf7-form-control wpcf7-text wpcf7-email wpcf7-validates-as-required wpcf7-validates-as-email\" aria-required=\"true\" aria-invalid=\"false\" value=\"\" type=\"email\" name=\"email\" \/><\/span> <\/label>\n\t\t<\/p>\n\t<\/div>\n\t<div class=\"col-12\">\n\t\t<h2>DADOS FUNCIONAIS\n\t\t<\/h2>\n\t<\/div>\n\t<div class=\"col-6\">\n\t\t<p><label>Cidade Onde Trabalha <span class=\"wpcf7-form-control-wrap\" data-name=\"cidade-trabalha\"><input size=\"40\" class=\"wpcf7-form-control wpcf7-text wpcf7-validates-as-required\" aria-required=\"true\" aria-invalid=\"false\" value=\"\" type=\"text\" name=\"cidade-trabalha\" \/><\/span> <\/label>\n\t\t<\/p>\n\t<\/div>\n\t<div class=\"col-6\">\n\t\t<p><label>Situa\u00e7\u00e3o Funcional: <\/label><br \/>\n<span class=\"wpcf7-form-control-wrap\" data-name=\"situacao-funciona\"><span class=\"wpcf7-form-control wpcf7-radio\"><span class=\"wpcf7-list-item first\"><input type=\"radio\" name=\"situacao-funciona\" value=\"Ativo\" checked=\"checked\" tabindex=\"\" \/><span class=\"wpcf7-list-item-label\">Ativo<\/span><\/span><span class=\"wpcf7-list-item\"><input type=\"radio\" name=\"situacao-funciona\" value=\"Inativo\" tabindex=\"\" \/><span class=\"wpcf7-list-item-label\">Inativo<\/span><\/span><span class=\"wpcf7-list-item\"><input type=\"radio\" name=\"situacao-funciona\" value=\"Licenciado\" tabindex=\"\" \/><span class=\"wpcf7-list-item-label\">Licenciado<\/span><\/span><span class=\"wpcf7-list-item last\"><input type=\"radio\" name=\"situacao-funciona\" value=\"Outro\" tabindex=\"\" \/><span class=\"wpcf7-list-item-label\">Outro<\/span><\/span><\/span><\/span>\n\t\t<\/p>\n\t<\/div>\n\t<div class=\"col-4\">\n\t\t<p><label>Data In\u00edcio do Exerc\u00edcio: <\/label><br \/>\n<span class=\"wpcf7-form-control-wrap\" data-name=\"data-inicio-exercicio\"><input class=\"wpcf7-form-control wpcf7-date wpcf7-validates-as-required wpcf7-validates-as-date\" aria-required=\"true\" aria-invalid=\"false\" value=\"\" type=\"date\" name=\"data-inicio-exercicio\" \/><\/span>\n\t\t<\/p>\n\t<\/div>\n\t<div class=\"col-4\">\n\t\t<p><label>Nome do Cargo:<\/label><br \/>\n<span class=\"wpcf7-form-control-wrap\" data-name=\"nome-cargo\"><input size=\"40\" class=\"wpcf7-form-control wpcf7-text wpcf7-validates-as-required\" aria-required=\"true\" aria-invalid=\"false\" value=\"\" type=\"text\" name=\"nome-cargo\" \/><\/span>\n\t\t<\/p>\n\t<\/div>\n\t<div class=\"col-4\">\n\t\t<p><label>Nome do \u00d3rg\u00e3o:<\/label><br \/>\n<span class=\"wpcf7-form-control-wrap\" data-name=\"nome-orgao\"><input size=\"40\" class=\"wpcf7-form-control wpcf7-text wpcf7-validates-as-required\" aria-required=\"true\" aria-invalid=\"false\" value=\"\" type=\"text\" name=\"nome-orgao\" \/><\/span>\n\t\t<\/p>\n\t<\/div>\n\t<div class=\"col-4\">\n\t\t<p><label>Matricula:<\/label><br \/>\n<span class=\"wpcf7-form-control-wrap\" data-name=\"matricula\"><input size=\"40\" class=\"wpcf7-form-control wpcf7-text wpcf7-validates-as-required\" aria-required=\"true\" aria-invalid=\"false\" value=\"\" type=\"text\" name=\"matricula\" \/><\/span>\n\t\t<\/p>\n\t<\/div>\n\t<div class=\"col-8\">\n\t\t<p><label>Regime:<\/label><br \/>\n<span class=\"wpcf7-form-control-wrap\" data-name=\"regime\"><span class=\"wpcf7-form-control wpcf7-radio\"><span class=\"wpcf7-list-item first\"><input type=\"radio\" name=\"regime\" value=\"Estatut\u00e1rio\" checked=\"checked\" tabindex=\"\" \/><span class=\"wpcf7-list-item-label\">Estatut\u00e1rio<\/span><\/span><span class=\"wpcf7-list-item\"><input type=\"radio\" name=\"regime\" value=\"Celetista\" tabindex=\"\" \/><span class=\"wpcf7-list-item-label\">Celetista<\/span><\/span><span class=\"wpcf7-list-item last\"><input type=\"radio\" name=\"regime\" value=\"Outro\" tabindex=\"\" \/><span class=\"wpcf7-list-item-label\">Outro<\/span><\/span><\/span><\/span>\n\t\t<\/p>\n\t<\/div>\n\n\n\n\n\n\n<!-- Linha -->\n\t<div class=\"col-12\">\n\t\t<p><input class=\"wpcf7-form-control has-spinner wpcf7-submit\" type=\"submit\" value=\"Enviar\" \/>\n\t\t<\/p>\n\t<\/div>\n<\/div><div class=\"wpcf7-response-output\" aria-hidden=\"true\"><\/div><\/form><\/div>\n\n\n\n<p><\/p>\n","protected":false},"excerpt":{"rendered":"<p>Voc\u00ea, agente de tr\u00e2nsito e transportes do estado do Rio Grande do Sul, associe-se ao SINDATRAN-RS e juntos conquistaremos melhores condi\u00e7\u00f5es de trabalho para toda a categoria. \u00c9 atrav\u00e9s da sindicaliza\u00e7\u00e3o que ser\u00e1 poss\u00edvel continuar a lutar por avan\u00e7os, em busca de benef\u00edcios para todos os agentes de fiscaliza\u00e7\u00e3o de tr\u00e2nsito. At\u00e9 a cria\u00e7\u00e3o do [&hellip;]<\/p>\n","protected":false},"author":1,"featured_media":0,"parent":0,"menu_order":0,"comment_status":"closed","ping_status":"closed","template":"blank-page.php","meta":{"ngg_post_thumbnail":0,"_joinchat":[]},"_links":{"self":[{"href":"https:\/\/sindatranrs.org.br\/site\/wp-json\/wp\/v2\/pages\/252"}],"collection":[{"href":"https:\/\/sindatranrs.org.br\/site\/wp-json\/wp\/v2\/pages"}],"about":[{"href":"https:\/\/sindatranrs.org.br\/site\/wp-json\/wp\/v2\/types\/page"}],"author":[{"embeddable":true,"href":"https:\/\/sindatranrs.org.br\/site\/wp-json\/wp\/v2\/users\/1"}],"replies":[{"embeddable":true,"href":"https:\/\/sindatranrs.org.br\/site\/wp-json\/wp\/v2\/comments?post=252"}],"version-history":[{"count":3,"href":"https:\/\/sindatranrs.org.br\/site\/wp-json\/wp\/v2\/pages\/252\/revisions"}],"predecessor-version":[{"id":602,"href":"https:\/\/sindatranrs.org.br\/site\/wp-json\/wp\/v2\/pages\/252\/revisions\/602"}],"wp:attachment":[{"href":"https:\/\/sindatranrs.org.br\/site\/wp-json\/wp\/v2\/media?parent=252"}],"curies":[{"name":"wp","href":"https:\/\/api.w.org\/{rel}","templated":true}]}}