{"id":555,"date":"2020-10-16T10:47:49","date_gmt":"2020-10-16T13:47:49","guid":{"rendered":"https:\/\/sindatranrs.org.br\/site\/?page_id=555"},"modified":"2020-10-23T10:29:12","modified_gmt":"2020-10-23T13:29:12","slug":"cadastre-se","status":"publish","type":"page","link":"https:\/\/sindatranrs.org.br\/site\/cadastre-se\/","title":{"rendered":"Cadastre-se"},"content":{"rendered":"\t\t<div data-elementor-type=\"wp-page\" data-elementor-id=\"555\" class=\"elementor elementor-555\">\n\t\t\t\t\t\t<div class=\"elementor-inner\">\n\t\t\t\t<div class=\"elementor-section-wrap\">\n\t\t\t\t\t\t\t\t\t<section class=\"elementor-section elementor-top-section elementor-element elementor-element-b83f437 elementor-section-boxed elementor-section-height-default elementor-section-height-default\" data-id=\"b83f437\" data-element_type=\"section\">\n\t\t\t\t\t\t<div class=\"elementor-container elementor-column-gap-default\">\n\t\t\t\t\t\t\t<div class=\"elementor-row\">\n\t\t\t\t\t<div class=\"elementor-column elementor-col-100 elementor-top-column elementor-element elementor-element-aad5195\" data-id=\"aad5195\" data-element_type=\"column\">\n\t\t\t<div class=\"elementor-column-wrap elementor-element-populated\">\n\t\t\t\t\t\t\t<div class=\"elementor-widget-wrap\">\n\t\t\t\t\t\t<div class=\"elementor-element elementor-element-2179226 elementor-widget elementor-widget-text-editor\" data-id=\"2179226\" data-element_type=\"widget\" data-widget_type=\"text-editor.default\">\n\t\t\t\t<div class=\"elementor-widget-container\">\n\t\t\t\t\t\t\t\t<div class=\"elementor-text-editor elementor-clearfix\">\n\t\t\t\t<p><span style=\"font-weight: 400;\">Para ficar por dentro das not\u00edcias do SINDATRAN-RS, saber mais sobre os direitos da categoria e o que acontece no cen\u00e1rio regional e nacional, cadastre-se no nosso site. Voc\u00ea, agente de tr\u00e2nsito e transporte, tamb\u00e9m pode ter acesso a todos os conte\u00fados exclusivos da biblioteca do SINDATRAN-RS. Os primeiros 100 inscritos ainda participar\u00e3o de sorteio de livros e acesso a aplicativos do Bizu\u00e1rio. Fa\u00e7a a sua inscri\u00e7\u00e3o e fique sempre atualizado.<\/span><\/p>\t\t\t\t\t<\/div>\n\t\t\t\t\t\t<\/div>\n\t\t\t\t<\/div>\n\t\t\t\t\t\t<\/div>\n\t\t\t\t\t<\/div>\n\t\t<\/div>\n\t\t\t\t\t\t\t\t<\/div>\n\t\t\t\t\t<\/div>\n\t\t<\/section>\n\t\t\t\t<section class=\"elementor-section elementor-top-section elementor-element elementor-element-1a27337 elementor-section-boxed elementor-section-height-default elementor-section-height-default\" data-id=\"1a27337\" data-element_type=\"section\">\n\t\t\t\t\t\t<div class=\"elementor-container elementor-column-gap-default\">\n\t\t\t\t\t\t\t<div class=\"elementor-row\">\n\t\t\t\t\t<div class=\"elementor-column elementor-col-50 elementor-top-column elementor-element elementor-element-79daf92\" data-id=\"79daf92\" data-element_type=\"column\">\n\t\t\t<div class=\"elementor-column-wrap elementor-element-populated\">\n\t\t\t\t\t\t\t<div class=\"elementor-widget-wrap\">\n\t\t\t\t\t\t<div class=\"elementor-element elementor-element-da38bea elementor-widget elementor-widget-shortcode\" data-id=\"da38bea\" data-element_type=\"widget\" data-widget_type=\"shortcode.default\">\n\t\t\t\t<div class=\"elementor-widget-container\">\n\t\t\t\t\t<div class=\"elementor-shortcode\"><div id=\"wpmem_reg\"><a id=\"register\"><\/a><form name=\"form\" method=\"post\" action=\"https:\/\/sindatranrs.org.br\/site\/cadastre-se\/\" id=\"wpmem_register_form\" class=\"form\"><input type=\"hidden\" id=\"_wpmem_register_nonce\" name=\"_wpmem_register_nonce\" value=\"514c40b4c8\" \/><input type=\"hidden\" name=\"_wp_http_referer\" value=\"\/site\/wp-json\/wp\/v2\/pages\/555\" \/><fieldset><legend>Registro de Novo Usu\u00e1rio<\/legend><label for=\"first_name\" class=\"text\">Nome<span class=\"req\">*<\/span><\/label><div class=\"div_text\"><input name=\"first_name\" type=\"text\" id=\"first_name\" value=\"\" class=\"textbox\" required  \/><\/div><label for=\"last_name\" class=\"text\">Sobrenome<span class=\"req\">*<\/span><\/label><div class=\"div_text\"><input name=\"last_name\" type=\"text\" id=\"last_name\" value=\"\" class=\"textbox\" required  \/><\/div><label for=\"telefone\" class=\"text\">Telefone<span class=\"req\">*<\/span><\/label><div class=\"div_text\"><input name=\"telefone\" type=\"text\" id=\"telefone\" value=\"\" class=\"textbox\" required  \/><\/div><label for=\"cargo\" class=\"text\">Cargo<span class=\"req\">*<\/span><\/label><div class=\"div_text\"><input name=\"cargo\" type=\"text\" id=\"cargo\" value=\"\" class=\"textbox\" required  \/><\/div><label for=\"user_email\" class=\"text\">E-mail<span class=\"req\">*<\/span><\/label><div class=\"div_text\"><input name=\"user_email\" type=\"email\" id=\"user_email\" value=\"\" class=\"textbox\" required  \/><\/div><label for=\"username\" class=\"text\">Nome de Usu\u00e1rio<span class=\"req\">*<\/span><\/label><div class=\"div_text\"><input name=\"username\" type=\"text\" id=\"username\" value=\"\" class=\"textbox\" required  \/><\/div><label for=\"cidade_trabalha\" class=\"text\">Cidade onde Trabalha<span class=\"req\">*<\/span><\/label><div class=\"div_text\"><input name=\"cidade_trabalha\" type=\"text\" id=\"cidade_trabalha\" value=\"\" class=\"textbox\" required  \/><\/div><label for=\"uf_trabalha\" class=\"text\">Estado<span class=\"req\">*<\/span><\/label><div class=\"div_text\"><input name=\"uf_trabalha\" type=\"text\" id=\"uf_trabalha\" value=\"\" class=\"textbox\" required  \/><\/div><label for=\"cidade_mora\" class=\"text\">Cidade onde mora<span class=\"req\">*<\/span><\/label><div class=\"div_text\"><input name=\"cidade_mora\" type=\"text\" id=\"cidade_mora\" value=\"\" class=\"textbox\" required  \/><\/div><label for=\"orgao_trabalha\" class=\"radio\">O \u00f3rg\u00e3o que voc\u00ea trabalha \u00e9:<span class=\"req\">*<\/span><\/label><div class=\"div_radio\"><input type=\"radio\" name=\"orgao_trabalha\" id=\"orgao_trabalha_1\" value=\"Municipal\" required > <label for=\"orgao_trabalha_1\" id=\"label_orgao_trabalha_1\" class=\"radio\">Municipal<\/label><br \/><input type=\"radio\" name=\"orgao_trabalha\" id=\"orgao_trabalha_2\" value=\"Estadual\" required > <label for=\"orgao_trabalha_2\" id=\"label_orgao_trabalha_2\" class=\"radio\">Estadual<\/label><br \/><\/div><label for=\"user_pass\" class=\"text\">Senha<span class=\"req\">*<\/span><\/label><div class=\"div_text\"><input name=\"user_pass\" type=\"password\" id=\"user_pass\" class=\"textbox\" required  \/><\/div><div class=\"h-captcha\" data-sitekey=\"3dfc90ba-693e-4fc1-8a8d-5282e260c237\"><\/div><script src=\"https:\/\/hcaptcha.com\/1\/api.js\" async defer><\/script><input name=\"a\" type=\"hidden\" value=\"register\" \/><input name=\"wpmem_reg_page\" type=\"hidden\" value=\"https:\/\/sindatranrs.org.br\/site\/cadastre-se\/\" \/><div class=\"button_div\"><input name=\"submit\" type=\"submit\" value=\"Cadastre-se\" class=\"buttons\" \/><\/div><div class=\"req-text\"><span class=\"req\">*<\/span>Campo obrigat\u00f3rio<\/div><\/fieldset><\/form><\/div><\/div>\n\t\t\t\t<\/div>\n\t\t\t\t<\/div>\n\t\t\t\t\t\t<\/div>\n\t\t\t\t\t<\/div>\n\t\t<\/div>\n\t\t\t\t<div class=\"elementor-column elementor-col-50 elementor-top-column elementor-element elementor-element-f65936b\" data-id=\"f65936b\" data-element_type=\"column\">\n\t\t\t<div class=\"elementor-column-wrap elementor-element-populated\">\n\t\t\t\t\t\t\t<div class=\"elementor-widget-wrap\">\n\t\t\t\t\t\t<div class=\"elementor-element elementor-element-0c52b75 elementor-widget elementor-widget-image\" data-id=\"0c52b75\" data-element_type=\"widget\" data-widget_type=\"image.default\">\n\t\t\t\t<div class=\"elementor-widget-container\">\n\t\t\t\t\t\t\t\t<div class=\"elementor-image\">\n\t\t\t\t\t\t\t\t\t\t\t\t<img decoding=\"async\" width=\"1024\" height=\"1024\" src=\"https:\/\/sindatranrs.org.br\/site\/wp-content\/uploads\/2020\/10\/card-sorteio-1024x1024.jpeg\" class=\"attachment-large size-large wp-image-570\" alt=\"\" loading=\"lazy\" srcset=\"https:\/\/sindatranrs.org.br\/site\/wp-content\/uploads\/2020\/10\/card-sorteio-1024x1024.jpeg 1024w, https:\/\/sindatranrs.org.br\/site\/wp-content\/uploads\/2020\/10\/card-sorteio-300x300.jpeg 300w, https:\/\/sindatranrs.org.br\/site\/wp-content\/uploads\/2020\/10\/card-sorteio-150x150.jpeg 150w, https:\/\/sindatranrs.org.br\/site\/wp-content\/uploads\/2020\/10\/card-sorteio-768x767.jpeg 768w, https:\/\/sindatranrs.org.br\/site\/wp-content\/uploads\/2020\/10\/card-sorteio.jpeg 1280w\" sizes=\"(max-width: 1024px) 100vw, 1024px\" \/>\t\t\t\t\t\t\t\t\t\t\t\t\t\t<\/div>\n\t\t\t\t\t\t<\/div>\n\t\t\t\t<\/div>\n\t\t\t\t\t\t<\/div>\n\t\t\t\t\t<\/div>\n\t\t<\/div>\n\t\t\t\t\t\t\t\t<\/div>\n\t\t\t\t\t<\/div>\n\t\t<\/section>\n\t\t\t\t\t\t\t\t\t<\/div>\n\t\t\t<\/div>\n\t\t\t\t\t<\/div>\n\t\t","protected":false},"excerpt":{"rendered":"<p>Para ficar por dentro das not\u00edcias do SINDATRAN-RS, saber mais sobre os direitos da categoria e o que acontece no cen\u00e1rio regional e nacional, cadastre-se no nosso site. Voc\u00ea, agente de tr\u00e2nsito e transporte, tamb\u00e9m pode ter acesso a todos os conte\u00fados exclusivos da biblioteca do SINDATRAN-RS. Os primeiros 100 inscritos ainda participar\u00e3o de sorteio [&hellip;]<\/p>\n","protected":false},"author":1,"featured_media":0,"parent":0,"menu_order":0,"comment_status":"closed","ping_status":"closed","template":"fullwidth.php","meta":{"ngg_post_thumbnail":0,"_joinchat":[]},"_links":{"self":[{"href":"https:\/\/sindatranrs.org.br\/site\/wp-json\/wp\/v2\/pages\/555"}],"collection":[{"href":"https:\/\/sindatranrs.org.br\/site\/wp-json\/wp\/v2\/pages"}],"about":[{"href":"https:\/\/sindatranrs.org.br\/site\/wp-json\/wp\/v2\/types\/page"}],"author":[{"embeddable":true,"href":"https:\/\/sindatranrs.org.br\/site\/wp-json\/wp\/v2\/users\/1"}],"replies":[{"embeddable":true,"href":"https:\/\/sindatranrs.org.br\/site\/wp-json\/wp\/v2\/comments?post=555"}],"version-history":[{"count":6,"href":"https:\/\/sindatranrs.org.br\/site\/wp-json\/wp\/v2\/pages\/555\/revisions"}],"predecessor-version":[{"id":573,"href":"https:\/\/sindatranrs.org.br\/site\/wp-json\/wp\/v2\/pages\/555\/revisions\/573"}],"wp:attachment":[{"href":"https:\/\/sindatranrs.org.br\/site\/wp-json\/wp\/v2\/media?parent=555"}],"curies":[{"name":"wp","href":"https:\/\/api.w.org\/{rel}","templated":true}]}}